{"id":78,"date":"2018-06-21T11:55:13","date_gmt":"2018-06-21T09:55:13","guid":{"rendered":"http:\/\/praxisschmeisser.km34701.keymachine.de\/?page_id=78"},"modified":"2020-10-02T10:33:49","modified_gmt":"2020-10-02T08:33:49","slug":"impressum","status":"publish","type":"page","link":"https:\/\/praxis-schmeisser.de\/index.php\/impressum\/","title":{"rendered":"Impressum"},"content":{"rendered":"<p>[et_pb_section fb_built=&#8220;1&#8243; _builder_version=&#8220;3.22&#8243;][et_pb_row _builder_version=&#8220;3.25&#8243; background_size=&#8220;initial&#8220; background_position=&#8220;top_left&#8220; background_repeat=&#8220;repeat&#8220;][et_pb_column type=&#8220;4_4&#8243; _builder_version=&#8220;3.25&#8243; custom_padding=&#8220;|||&#8220; custom_padding__hover=&#8220;|||&#8220;][et_pb_text admin_label=&#8220;Impressum h1&#8243; _builder_version=&#8220;3.27.4&#8243;]<\/p>\n<h1>Impressum<\/h1>\n<h2>Praxis f\u00fcr Zahnmedzin<\/h2>\n<p>[\/et_pb_text][\/et_pb_column][\/et_pb_row][et_pb_row _builder_version=&#8220;3.25&#8243; background_size=&#8220;initial&#8220; background_position=&#8220;top_left&#8220; background_repeat=&#8220;repeat&#8220; column_structure=&#8220;1_2,1_2&#8243;][et_pb_column type=&#8220;1_2&#8243; _builder_version=&#8220;3.25&#8243; custom_padding=&#8220;|||&#8220; custom_padding__hover=&#8220;|||&#8220;][et_pb_text _builder_version=&#8220;3.27.4&#8243;]<\/p>\n<div class=\"impressum\">\n<div class=\"c50l\">\n<div class=\"service\">\n<h5><span class=\"blue\">Pflichtangaben nach \u00a75 Telemediengesetz<\/span><\/h5>\n<p><span class=\"blue\"><strong>Inhaber:<\/strong><br \/><\/span>Dr. med. dent. Michaela Schmei\u00dfer \/ Dr. med. dent. Thomas Schmei\u00dfer<br \/>Bad K\u00f6sen<br \/>Lindenstrasse 5<br \/>06628 Naumburg<\/p>\n<p>Tel.: 034463-27440<br \/>Fax: 034463-27486<\/p>\n<p>info@praxis-schmeisser.de<br \/>www.praxis-schmeisser.de<\/p>\n<p><strong>Zahnarzt-Register des Landes Sachsen-Anhalt Nr:<\/strong><\/p>\n<p><strong>Steuernummer:<\/strong><\/p>\n<h5><span class=\"blue\">Zust\u00e4ndige Aufsichtsbeh\u00f6rde:<\/span><\/h5>\n<p>Zahn\u00e4rztekammer Sachsen-Anhalt<br \/>Gro\u00dfe Diesdorfer Strasse 162<br \/>39110 Magdeburg<br \/>www.zaek-sa.de<\/p>\n<p>Kassenzahn\u00e4rztliche Vereinigung Sachsen-Anhalt<br \/>Dr. -Eisenbart-Ring 1<br \/>39120 Magdeburg<br \/>www.kzv-sa.de<\/p>\n<p>Ministerium f\u00fcr Gesundheit und Soziales des Landes Sachsen-Anhalt<br \/>Turmschanzenstr. 25<br \/>39114 Magdeburg<br \/>www.sachsen-anhalt.de<\/p>\n<p>Landesverwaltungsamt Halle\/Saale<br \/>Willy-Lohmann-Str. 7<br \/>06114 Halle\/Saale<br \/>www.landesverwaltungsamt.sachsen-anhalt.de<\/p>\n<h5><span class=\"blue\">Berufsbezeichnung:<\/span><\/h5>\n<p>Zahn\u00e4rztin\/Zahnarzt (verliehen in der Bundesrepublik Deutschland)<\/p>\n<p>Berufsrechliche Regelungen:<\/p>\n<p>-Zahnheilkundegesetz<br \/>-Heilberufegesetz Sachsen-Anhalt<br \/>-Geb\u00fchrenordnung f\u00fcr Zahn\u00e4rzte<br \/>-Berufsordnung f\u00fcr Zahn\u00e4rzte Sachsen-Anhalts<\/p>\n<p>Die Regelungen finden Sie auf der Homepage der Zahn\u00e4rztekammer Sachsen-Anhalt unter dem Button \u00bbZahn\u00e4rzte\u00ab und der Rubrik \u00bbRecht und Satzung\u00ab<\/p>\n<\/div>\n<\/div>\n<\/div>\n<p>[\/et_pb_text][\/et_pb_column][et_pb_column type=&#8220;1_2&#8243; _builder_version=&#8220;3.25&#8243; custom_padding=&#8220;|||&#8220; custom_padding__hover=&#8220;|||&#8220;][et_pb_text _builder_version=&#8220;4.6.5&#8243; hover_enabled=&#8220;0&#8243; sticky_enabled=&#8220;0&#8243;]<\/p>\n<h5><span class=\"blue\">Inhaltlich verantwortlicher gem\u00e4\u00df \u00a7 6 MDStV:<\/span><\/h5>\n<p>Dr. med. dent. Michaela Schmei\u00dfer\/Dr. med. dent. Thomas Schmei\u00dfer<\/p>\n<h5>\u00a0<\/h5>\n<h5><span class=\"blue\">Fotografie:<br \/><\/span><\/h5>\n<p>Michael Kretschmar \/ <a title=\"Fotografie\" href=\"http:\/\/www.zwoacht.de\/\">zwoacht.de<br \/><\/a><\/p>\n<ul>\n<li>Behandlungsraum.jpg<\/li>\n<li>junior-zahnpflege.jpg<\/li>\n<li>behandlungsraum_1.jpg<\/li>\n<li>junior_behandlung.jpg<\/li>\n<li>jugend_behandlung.jpg<\/li>\n<li>Kindergarten-Prophylaxe.jpg<\/li>\n<li>jugendbild_header.jpg<\/li>\n<li>praxissitz.jpg<\/li>\n<li>Muster-Farbanpassung.jpg<\/li>\n<li>Zahnbuerste.jpg<\/li>\n<\/ul>\n<p>Nicky Hellfritzsch \/\u00a0<a href=\"https:\/\/www.freshshots.de\/\" target=\"_blank\" rel=\"noopener noreferrer\">www.freshshots.de<\/a><\/p>\n<ul>\n<li>zahnaerzte.jpg<\/li>\n<li>dr_michaela_schmeisser.png<\/li>\n<li>dr_thomas_schmeisser.png<\/li>\n<li>Beratung-Implantat.jpg<\/li>\n<li>visitenkarten.jpg<\/li>\n<\/ul>\n<p>Christian Leischner \/ &#8222;360 Grad-Team&#8220;\u00a0<a href=\"https:\/\/www.360grad-team.de\" target=\"_blank\" rel=\"noopener noreferrer\">www.360grad-team.de<\/a><\/p>\n<ul>\n<li>Praxis 3D-Rundgang<\/li>\n<\/ul>\n<h5>\u00a0<\/h5>\n<h5>Bildnachweise:<\/h5>\n<p>2118231\u00a0\u00a9 violeta \/\u00a0<a href=\"https:\/\/de.depositphotos.com\/?ref=7147646\" target=\"_blank\" rel=\"noopener noreferrer\">https:\/\/de.depositphotos.com\/<\/a><\/p>\n<p>38316915\u00a0\u00a9 missbobbit \/\u00a0<a href=\"https:\/\/de.depositphotos.com\/?ref=7147646\" target=\"_blank\" rel=\"noopener noreferrer\">https:\/\/de.depositphotos.com\/<\/a><\/p>\n<p>53464333\u00a0\u00a9 MSSA \/\u00a0<a href=\"https:\/\/de.depositphotos.com\/?ref=7147646\" target=\"_blank\" rel=\"noopener noreferrer\">https:\/\/de.depositphotos.com\/<\/a><\/p>\n<p>77381200\u00a0\u00a9 RedKoala \/\u00a0<a href=\"https:\/\/de.depositphotos.com\/?ref=7147646\" target=\"_blank\" rel=\"noopener noreferrer\">https:\/\/de.depositphotos.com\/<\/a><\/p>\n<p>129371552\u00a0\u00a9 LovArt \/\u00a0<a href=\"https:\/\/de.depositphotos.com\/?ref=7147646\" target=\"_blank\" rel=\"noopener noreferrer\">https:\/\/de.depositphotos.com\/<\/a><\/p>\n<p>148168215\u00a0\u00a9 tackgalich \/\u00a0<a href=\"https:\/\/de.depositphotos.com\/?ref=7147646\" target=\"_blank\" rel=\"noopener noreferrer\">https:\/\/de.depositphotos.com\/<\/a><\/p>\n<p>54960481\u00a0\u00a9 OutStyle \/\u00a0<a href=\"https:\/\/de.depositphotos.com\/?ref=7147646\" target=\"_blank\" rel=\"noopener noreferrer\">https:\/\/de.depositphotos.com\/<\/a><\/p>\n<p>131343216 \u00a9 belchonock \/ <a href=\"https:\/\/de.depositphotos.com\/?ref=7147646\" target=\"_blank\" rel=\"noopener noreferrer\">https:\/\/de.depositphotos.com\/<\/a><\/p>\n<h5>\u00a0<\/h5>\n<h5><span class=\"blue\">Gestaltung \/\u00a0<\/span><span class=\"blue\">Webhosting \/ Programierung:<\/span><\/h5>\n<p>Fenner Communication \/\u00a0<a href=\"https:\/\/fenner-com.de\/\" target=\"_blank\" rel=\"noopener noreferrer\">fenner-com.de<\/a><\/p>\n<p>[\/et_pb_text][\/et_pb_column][\/et_pb_row][\/et_pb_section]<\/p>\n","protected":false},"excerpt":{"rendered":"<p>Impressum Praxis f\u00fcr Zahnmedzin Pflichtangaben nach \u00a75 Telemediengesetz Inhaber:Dr. med. dent. Michaela Schmei\u00dfer \/ Dr. med. dent. Thomas Schmei\u00dferBad K\u00f6senLindenstrasse 506628 Naumburg Tel.: 034463-27440Fax: 034463-27486 info@praxis-schmeisser.dewww.praxis-schmeisser.de Zahnarzt-Register des Landes Sachsen-Anhalt Nr: Steuernummer: Zust\u00e4ndige Aufsichtsbeh\u00f6rde: Zahn\u00e4rztekammer Sachsen-AnhaltGro\u00dfe Diesdorfer Strasse 16239110 Magdeburgwww.zaek-sa.de Kassenzahn\u00e4rztliche Vereinigung Sachsen-AnhaltDr. -Eisenbart-Ring 139120 Magdeburgwww.kzv-sa.de Ministerium f\u00fcr Gesundheit und Soziales des Landes Sachsen-AnhaltTurmschanzenstr. 2539114 [&hellip;]<\/p>\n","protected":false},"author":1,"featured_media":0,"parent":0,"menu_order":0,"comment_status":"closed","ping_status":"closed","template":"","meta":{"_et_pb_use_builder":"on","_et_pb_old_content":"","_et_gb_content_width":"","footnotes":""},"class_list":["post-78","page","type-page","status-publish","hentry"],"_links":{"self":[{"href":"https:\/\/praxis-schmeisser.de\/index.php\/wp-json\/wp\/v2\/pages\/78","targetHints":{"allow":["GET"]}}],"collection":[{"href":"https:\/\/praxis-schmeisser.de\/index.php\/wp-json\/wp\/v2\/pages"}],"about":[{"href":"https:\/\/praxis-schmeisser.de\/index.php\/wp-json\/wp\/v2\/types\/page"}],"author":[{"embeddable":true,"href":"https:\/\/praxis-schmeisser.de\/index.php\/wp-json\/wp\/v2\/users\/1"}],"replies":[{"embeddable":true,"href":"https:\/\/praxis-schmeisser.de\/index.php\/wp-json\/wp\/v2\/comments?post=78"}],"version-history":[{"count":19,"href":"https:\/\/praxis-schmeisser.de\/index.php\/wp-json\/wp\/v2\/pages\/78\/revisions"}],"predecessor-version":[{"id":530,"href":"https:\/\/praxis-schmeisser.de\/index.php\/wp-json\/wp\/v2\/pages\/78\/revisions\/530"}],"wp:attachment":[{"href":"https:\/\/praxis-schmeisser.de\/index.php\/wp-json\/wp\/v2\/media?parent=78"}],"curies":[{"name":"wp","href":"https:\/\/api.w.org\/{rel}","templated":true}]}}